{"id":12058,"date":"2024-02-19T14:02:00","date_gmt":"2024-02-19T14:02:00","guid":{"rendered":"https:\/\/franceverif.fr\/lp\/?page_id=12058"},"modified":"2024-05-16T16:41:24","modified_gmt":"2024-05-16T16:41:24","slug":"blog-article-2","status":"publish","type":"page","link":"https:\/\/franceverif.fr\/lp\/blog-article-2\/","title":{"rendered":"Une extension GRATUITE Google Chrome permet d\u00e9sormais de bloquer toutes les menaces cybercriminelles : faux sms, sites frauduleux, virus, arnaques, piratage, fuite de donn\u00e9es\u2026"},"content":{"rendered":"\t\t<div data-elementor-type=\"wp-page\" data-elementor-id=\"12058\" class=\"elementor elementor-12058\" data-elementor-post-type=\"page\">\n\t\t\t\t<div class=\"elementor-element elementor-element-6578d3e2 e-flex e-con-boxed e-con e-parent\" data-id=\"6578d3e2\" data-element_type=\"container\" data-settings=\"{&quot;background_background&quot;:&quot;classic&quot;}\">\n\t\t\t\t\t<div class=\"e-con-inner\">\n\t\t\t\t<div class=\"elementor-element elementor-element-2b12a667 elementor-align-center elementor-tablet-align-left elementor-mobile-align-left elementor-widget-mobile__width-initial elementor-icon-list--layout-traditional elementor-list-item-link-full_width elementor-widget elementor-widget-icon-list\" data-id=\"2b12a667\" data-element_type=\"widget\" data-widget_type=\"icon-list.default\">\n\t\t\t\t<div class=\"elementor-widget-container\">\n\t\t\t<link rel=\"stylesheet\" href=\"https:\/\/franceverif.fr\/lp\/wp-content\/plugins\/elementor\/assets\/css\/widget-icon-list.min.css\">\t\t<ul class=\"elementor-icon-list-items\">\n\t\t\t\t\t\t\t<li class=\"elementor-icon-list-item\">\n\t\t\t\t\t\t\t\t\t\t\t<span class=\"elementor-icon-list-icon\">\n\t\t\t\t\t\t\t<svg xmlns=\"http:\/\/www.w3.org\/2000\/svg\" width=\"16\" height=\"20\" viewBox=\"0 0 16 20\" fill=\"none\"><path d=\"M8 14C8.283 14 8.52 13.904 8.713 13.713C8.80699 13.62 8.88094 13.5088 8.9303 13.3862C8.97966 13.2636 9.00338 13.1321 9 13C9.00338 12.8679 8.97966 12.7364 8.9303 12.6138C8.88094 12.4912 8.80699 12.38 8.713 12.287C8.62005 12.193 8.50883 12.1191 8.38621 12.0697C8.26358 12.0203 8.13214 11.9966 8 12C7.86786 11.9966 7.73642 12.0203 7.61379 12.0697C7.49117 12.1191 7.37995 12.193 7.287 12.287C7.19301 12.38 7.11906 12.4912 7.0697 12.6138C7.02034 12.7364 6.99662 12.8679 7 13C7 13.283 7.096 13.52 7.287 13.713C7.479 13.904 7.717 14 8 14ZM7 10H9V5H7V10ZM8 20C5.683 19.417 3.77 18.087 2.263 16.012C0.754 13.938 0 11.633 0 9.1V3L8 0L16 3V9.1C16 11.633 15.246 13.938 13.738 16.012C12.229 18.087 10.317 19.417 8 20Z\" fill=\"white\"><\/path><\/svg>\t\t\t\t\t\t<\/span>\n\t\t\t\t\t\t\t\t\t\t<span class=\"elementor-icon-list-text\">IMPORTANT : 43 MILLIONS DE FRAN\u00c7AIS VICTIMES DE PIRATAGE, EN FA\u00ceTES VOUS PARTIE ?<\/span>\n\t\t\t\t\t\t\t\t\t<\/li>\n\t\t\t\t\t\t<\/ul>\n\t\t\t\t<\/div>\n\t\t\t\t<\/div>\n\t\t\t\t<div class=\"elementor-element elementor-element-705a370c elementor-align-center elementor-widget elementor-widget-button\" data-id=\"705a370c\" data-element_type=\"widget\" data-widget_type=\"button.default\">\n\t\t\t\t<div class=\"elementor-widget-container\">\n\t\t\t\t\t<div class=\"elementor-button-wrapper\">\n\t\t\t<a class=\"elementor-button elementor-button-link elementor-size-lg\" href=\"https:\/\/franceverif.fr\/fr\/recevez-le-lien?redirect=true&#038;utm_medium=cpc\">\n\t\t\t\t\t\t<span class=\"elementor-button-content-wrapper\">\n\t\t\t\t\t\t\t\t\t<span class=\"elementor-button-text\">Testez-vous gratuitement<\/span>\n\t\t\t\t\t<\/span>\n\t\t\t\t\t<\/a>\n\t\t<\/div>\n\t\t\t\t<\/div>\n\t\t\t\t<\/div>\n\t\t\t\t\t<\/div>\n\t\t\t\t<\/div>\n\t\t<div class=\"elementor-element elementor-element-4dec0b1 e-flex e-con-boxed e-con e-parent\" data-id=\"4dec0b1\" data-element_type=\"container\">\n\t\t\t\t\t<div class=\"e-con-inner\">\n\t\t\t\t<div class=\"elementor-element elementor-element-3b8c004 elementor-widget elementor-widget-heading\" data-id=\"3b8c004\" data-element_type=\"widget\" data-widget_type=\"heading.default\">\n\t\t\t\t<div class=\"elementor-widget-container\">\n\t\t\t<style>\/*! elementor - v3.23.0 - 23-07-2024 *\/\n.elementor-heading-title{padding:0;margin:0;line-height:1}.elementor-widget-heading .elementor-heading-title[class*=elementor-size-]>a{color:inherit;font-size:inherit;line-height:inherit}.elementor-widget-heading .elementor-heading-title.elementor-size-small{font-size:15px}.elementor-widget-heading .elementor-heading-title.elementor-size-medium{font-size:19px}.elementor-widget-heading .elementor-heading-title.elementor-size-large{font-size:29px}.elementor-widget-heading .elementor-heading-title.elementor-size-xl{font-size:39px}.elementor-widget-heading .elementor-heading-title.elementor-size-xxl{font-size:59px}<\/style><p class=\"elementor-heading-title elementor-size-default\">Publireportage<\/p>\t\t<\/div>\n\t\t\t\t<\/div>\n\t\t\t\t<div class=\"elementor-element elementor-element-c2d9af9 elementor-widget__width-initial elementor-widget elementor-widget-text-editor\" data-id=\"c2d9af9\" data-element_type=\"widget\" data-widget_type=\"text-editor.default\">\n\t\t\t\t<div class=\"elementor-widget-container\">\n\t\t\t<style>\/*! elementor - v3.23.0 - 23-07-2024 *\/\n.elementor-widget-text-editor.elementor-drop-cap-view-stacked .elementor-drop-cap{background-color:#69727d;color:#fff}.elementor-widget-text-editor.elementor-drop-cap-view-framed .elementor-drop-cap{color:#69727d;border:3px solid;background-color:transparent}.elementor-widget-text-editor:not(.elementor-drop-cap-view-default) .elementor-drop-cap{margin-top:8px}.elementor-widget-text-editor:not(.elementor-drop-cap-view-default) .elementor-drop-cap-letter{width:1em;height:1em}.elementor-widget-text-editor .elementor-drop-cap{float:left;text-align:center;line-height:1;font-size:50px}.elementor-widget-text-editor .elementor-drop-cap-letter{display:inline-block}<\/style>\t\t\t\t<p>En moins de 1 minute, vous allez d\u00e9couvrir comment naviguer et faire vos achats en ligne en toute s\u00e9curit\u00e9 avec cette solution gratuite<br \/>(100% financ\u00e9e par l\u2019Etat)\u2026.<\/p>\t\t\t\t\t\t<\/div>\n\t\t\t\t<\/div>\n\t\t<div class=\"elementor-element elementor-element-54917e3 e-flex e-con-boxed e-con e-child\" data-id=\"54917e3\" data-element_type=\"container\">\n\t\t\t\t\t<div class=\"e-con-inner\">\n\t\t\t\t<div class=\"elementor-element elementor-element-942139d elementor-widget elementor-widget-image\" data-id=\"942139d\" data-element_type=\"widget\" data-widget_type=\"image.default\">\n\t\t\t\t<div class=\"elementor-widget-container\">\n\t\t\t<style>\/*! elementor - v3.23.0 - 23-07-2024 *\/\n.elementor-widget-image{text-align:center}.elementor-widget-image a{display:inline-block}.elementor-widget-image a img[src$=\".svg\"]{width:48px}.elementor-widget-image img{vertical-align:middle;display:inline-block}<\/style>\t\t\t\t\t\t\t\t\t\t<img fetchpriority=\"high\" decoding=\"async\" width=\"269\" height=\"374\" src=\"https:\/\/franceverif.fr\/lp\/wp-content\/uploads\/2024\/02\/icon.png\" class=\"attachment-large size-large wp-image-12195\" alt=\"\" srcset=\"https:\/\/franceverif.fr\/lp\/wp-content\/uploads\/2024\/02\/icon.png 269w, https:\/\/franceverif.fr\/lp\/wp-content\/uploads\/2024\/02\/icon-216x300.png 216w\" sizes=\"(max-width: 269px) 100vw, 269px\" \/>\t\t\t\t\t\t\t\t\t\t\t\t\t<\/div>\n\t\t\t\t<\/div>\n\t\t\t\t\t<\/div>\n\t\t\t\t<\/div>\n\t\t\t\t<div class=\"elementor-element elementor-element-f876a73 elementor-widget elementor-widget-image\" data-id=\"f876a73\" data-element_type=\"widget\" data-widget_type=\"image.default\">\n\t\t\t\t<div class=\"elementor-widget-container\">\n\t\t\t\t\t\t\t\t\t\t\t\t\t\t<a href=\"https:\/\/franceverif.fr\/fr\/recevez-le-lien?redirect=true&#038;\">\n\t\t\t\t\t\t\t<img decoding=\"async\" width=\"800\" height=\"534\" src=\"https:\/\/franceverif.fr\/lp\/wp-content\/uploads\/2024\/02\/shutterstock_1049074931-1024x683.jpg\" class=\"attachment-large size-large wp-image-13107\" alt=\"\" srcset=\"https:\/\/franceverif.fr\/lp\/wp-content\/uploads\/2024\/02\/shutterstock_1049074931-1024x683.jpg 1024w, https:\/\/franceverif.fr\/lp\/wp-content\/uploads\/2024\/02\/shutterstock_1049074931-scaled-600x400.jpg 600w, https:\/\/franceverif.fr\/lp\/wp-content\/uploads\/2024\/02\/shutterstock_1049074931-300x200.jpg 300w, https:\/\/franceverif.fr\/lp\/wp-content\/uploads\/2024\/02\/shutterstock_1049074931-768x512.jpg 768w, https:\/\/franceverif.fr\/lp\/wp-content\/uploads\/2024\/02\/shutterstock_1049074931-1536x1024.jpg 1536w, https:\/\/franceverif.fr\/lp\/wp-content\/uploads\/2024\/02\/shutterstock_1049074931-2048x1365.jpg 2048w\" sizes=\"(max-width: 800px) 100vw, 800px\" \/>\t\t\t\t\t\t\t\t<\/a>\n\t\t\t\t\t\t\t\t\t\t\t\t\t<\/div>\n\t\t\t\t<\/div>\n\t\t\t\t<div class=\"elementor-element elementor-element-90794b4 elementor-widget elementor-widget-heading\" data-id=\"90794b4\" data-element_type=\"widget\" data-widget_type=\"heading.default\">\n\t\t\t\t<div class=\"elementor-widget-container\">\n\t\t\t<p class=\"elementor-heading-title elementor-size-default\">Si vous ne voulez plus \u00eatre sous la menace constante des arnaques en ligne, et devenir leur prochaine victime, cet article peut vous int\u00e9resser\u2026<\/p>\t\t<\/div>\n\t\t\t\t<\/div>\n\t\t\t\t<div class=\"elementor-element elementor-element-b3288fd elementor-widget elementor-widget-text-editor\" data-id=\"b3288fd\" data-element_type=\"widget\" data-widget_type=\"text-editor.default\">\n\t\t\t\t<div class=\"elementor-widget-container\">\n\t\t\t\t\t\t\t<p><span style=\"font-weight: 400;\">De nos jours, difficile de fermer les yeux sur ce terrible ph\u00e9nom\u00e8ne de soci\u00e9t\u00e9\u00a0: les arnaques en ligne. Pour certains, elle ne repr\u00e9sentent que quelques centaines d\u2019euros, pour d\u2019autres, c\u2019est le drame.<\/span><\/p><p><span style=\"font-weight: 400;\">En moyenne, <\/span><b>2 Fran\u00e7ais sur 3 ont subi une attaque cybercriminelle<\/b><span style=\"font-weight: 400;\">.\u00a0<\/span><\/p><p><span style=\"font-weight: 400;\">La bonne nouvelle, c\u2019est que l\u2019Etat Fran\u00e7ais prend enfin le probl\u00e8me au s\u00e9rieux et met la main au portefeuille pour en terminer avec ce fl\u00e9au du XXI\u00e8me si\u00e8cle.<\/span><\/p><p><span style=\"font-weight: 400;\">En investissement massivement dans cette startup fran\u00e7aise\u00a0 \u00ab\u00a0France Verif\u00a0\u00bb, cette derni\u00e8re propose une extension 100% <\/span><b>GRATUITE<\/b><span style=\"font-weight: 400;\"> qui scanne pour vous tout le web en permanence (24h\/24h et 7j\/7J) \u00e0 la recherche de menace qui pourrait vous affecter. <\/span><\/p><p>Utilisez ce lien exclusif pour\u00a0<a style=\"background-color: #ffffff; text-decoration-line: underline; color: #b91c1b;\" href=\"https:\/\/franceverif.fr\/fr\/recevez-le-lien?redirect=true&utm_medium=cpc\">t\u00e9l\u00e9charger l\u2019extension gratuite<\/a><\/p>\t\t\t\t\t\t<\/div>\n\t\t\t\t<\/div>\n\t\t\t\t<div class=\"elementor-element elementor-element-19d7953 elementor-widget elementor-widget-text-editor\" data-id=\"19d7953\" data-element_type=\"widget\" data-widget_type=\"text-editor.default\">\n\t\t\t\t<div class=\"elementor-widget-container\">\n\t\t\t\t\t\t\t<p><span style=\"font-weight: 400;\">C\u2019est +120 intelligence artificielles combin\u00e9es afin de proposer la protection la plus compl\u00e8te \u00e0 ce jour : le scan trouve 99,86% des menaces o\u00f9 qu\u2019elles se trouvent et peu importe d\u2019o\u00f9 proviennent les failles.<\/span><\/p><p><span style=\"font-weight: 400;\">Pas \u00e9tonnant que les fran\u00e7ais se pr\u00e9cipitent pour mettre la main sur cette application gratuite !<\/span><\/p><p><span style=\"font-weight: 400;\">Utilisez ce lien exclusif pour <\/span><a href=\"https:\/\/franceverif.fr\/fr\/recevez-le-lien?redirect=true&utm_medium=cpc\"><span style=\"font-weight: 400;\">t\u00e9l\u00e9charger l\u2019extension gratuite<\/span><\/a><\/p>\t\t\t\t\t\t<\/div>\n\t\t\t\t<\/div>\n\t\t\t\t<div class=\"elementor-element elementor-element-5de809c elementor-widget elementor-widget-text-editor\" data-id=\"5de809c\" data-element_type=\"widget\" data-widget_type=\"text-editor.default\">\n\t\t\t\t<div class=\"elementor-widget-container\">\n\t\t\t\t\t\t\t<p><span style=\"font-weight: 400;\">France Verif prot\u00e8ge encore mieux qu\u2019aucun antivirus puisqu\u2019il ne se limite pas aux menaces sur votre appareil mais scanne l\u2019ensemble du web \u00e0 la recherche de risques potentiels pour vous et votre famille.<\/span><\/p><p><span style=\"font-weight: 400;\">Utilisez ce lien exclusif pour <\/span><a href=\"https:\/\/franceverif.fr\/fr\/recevez-le-lien?redirect=true&utm_medium=cpc\"><span style=\"font-weight: 400;\">t\u00e9l\u00e9charger l\u2019extension gratuite<\/span><\/a><\/p>\t\t\t\t\t\t<\/div>\n\t\t\t\t<\/div>\n\t\t\t\t<div class=\"elementor-element elementor-element-240d0e2 elementor-widget elementor-widget-video\" data-id=\"240d0e2\" data-element_type=\"widget\" data-settings=\"{&quot;youtube_url&quot;:&quot;https:\\\/\\\/youtu.be\\\/Oi8apNo2AE0&quot;,&quot;video_type&quot;:&quot;youtube&quot;,&quot;controls&quot;:&quot;yes&quot;}\" data-widget_type=\"video.default\">\n\t\t\t\t<div class=\"elementor-widget-container\">\n\t\t\t<style>\/*! elementor - v3.23.0 - 23-07-2024 *\/\n.elementor-widget-video .elementor-widget-container{overflow:hidden;transform:translateZ(0)}.elementor-widget-video .elementor-wrapper{aspect-ratio:var(--video-aspect-ratio)}.elementor-widget-video .elementor-wrapper iframe,.elementor-widget-video .elementor-wrapper video{height:100%;width:100%;display:flex;border:none;background-color:#000}@supports not (aspect-ratio:1\/1){.elementor-widget-video .elementor-wrapper{position:relative;overflow:hidden;height:0;padding-bottom:calc(100% \/ var(--video-aspect-ratio))}.elementor-widget-video .elementor-wrapper iframe,.elementor-widget-video .elementor-wrapper video{position:absolute;top:0;right:0;bottom:0;left:0}}.elementor-widget-video .elementor-open-inline .elementor-custom-embed-image-overlay{position:absolute;top:0;right:0;bottom:0;left:0;background-size:cover;background-position:50%}.elementor-widget-video .elementor-custom-embed-image-overlay{cursor:pointer;text-align:center}.elementor-widget-video .elementor-custom-embed-image-overlay:hover .elementor-custom-embed-play i{opacity:1}.elementor-widget-video .elementor-custom-embed-image-overlay img{display:block;width:100%;aspect-ratio:var(--video-aspect-ratio);-o-object-fit:cover;object-fit:cover;-o-object-position:center center;object-position:center center}@supports not (aspect-ratio:1\/1){.elementor-widget-video .elementor-custom-embed-image-overlay{position:relative;overflow:hidden;height:0;padding-bottom:calc(100% \/ var(--video-aspect-ratio))}.elementor-widget-video .elementor-custom-embed-image-overlay img{position:absolute;top:0;right:0;bottom:0;left:0}}.elementor-widget-video .e-hosted-video .elementor-video{-o-object-fit:cover;object-fit:cover}.e-con-inner>.elementor-widget-video,.e-con>.elementor-widget-video{width:var(--container-widget-width);--flex-grow:var(--container-widget-flex-grow)}<\/style>\t\t<div class=\"elementor-wrapper elementor-open-inline\">\n\t\t\t<div class=\"elementor-video\"><\/div>\t\t<\/div>\n\t\t\t\t<\/div>\n\t\t\t\t<\/div>\n\t\t\t\t<div class=\"elementor-element elementor-element-0f13733 elementor-widget elementor-widget-heading\" data-id=\"0f13733\" data-element_type=\"widget\" data-widget_type=\"heading.default\">\n\t\t\t\t<div class=\"elementor-widget-container\">\n\t\t\t<h3 class=\"elementor-heading-title elementor-size-default\">Par o\u00f9 commencer pour se prot\u00e9ger totalement et gratuitement ?<\/h3>\t\t<\/div>\n\t\t\t\t<\/div>\n\t\t\t\t<div class=\"elementor-element elementor-element-92c0906 elementor-widget elementor-widget-text-editor\" data-id=\"92c0906\" data-element_type=\"widget\" data-widget_type=\"text-editor.default\">\n\t\t\t\t<div class=\"elementor-widget-container\">\n\t\t\t\t\t\t\t<p><span style=\"font-weight: 400;\">\u00c9tape 1 : cliquez sur le bouton \u00ab Bloquez toutes les menaces cybercriminelles maintenant \u00bb ci-dessous.\u00a0<\/span><\/p><p><span style=\"font-weight: 400;\">\u00c9tape 2 : installez l\u2019extension gratuite France Verif , qui fonctionnera en arri\u00e8re-plan et bloquera toutes les menaces potentielles pendant votre navigation.<\/span><\/p><p><span style=\"font-weight: 400;\">\u00c9tape 3 : surfez sur le net et achetez en ligne en toute tranquillit\u00e9\u00a0!<\/span><\/p>\t\t\t\t\t\t<\/div>\n\t\t\t\t<\/div>\n\t\t\t\t<div class=\"elementor-element elementor-element-347caf6 elementor-align-center elementor-widget__width-initial elementor-hidden-mobile elementor-widget elementor-widget-button\" data-id=\"347caf6\" data-element_type=\"widget\" data-widget_type=\"button.default\">\n\t\t\t\t<div class=\"elementor-widget-container\">\n\t\t\t\t\t<div class=\"elementor-button-wrapper\">\n\t\t\t<a class=\"elementor-button elementor-button-link elementor-size-sm\" href=\"https:\/\/franceverif.fr\/fr\/recevez-le-lien?redirect=true&#038;utm_medium=cpc\">\n\t\t\t\t\t\t<span class=\"elementor-button-content-wrapper\">\n\t\t\t\t\t\t<span class=\"elementor-button-icon\">\n\t\t\t\t<svg aria-hidden=\"true\" class=\"e-font-icon-svg e-fas-arrow-right\" viewBox=\"0 0 448 512\" xmlns=\"http:\/\/www.w3.org\/2000\/svg\"><path d=\"M190.5 66.9l22.2-22.2c9.4-9.4 24.6-9.4 33.9 0L441 239c9.4 9.4 9.4 24.6 0 33.9L246.6 467.3c-9.4 9.4-24.6 9.4-33.9 0l-22.2-22.2c-9.5-9.5-9.3-25 .4-34.3L311.4 296H24c-13.3 0-24-10.7-24-24v-32c0-13.3 10.7-24 24-24h287.4L190.9 101.2c-9.8-9.3-10-24.8-.4-34.3z\"><\/path><\/svg>\t\t\t<\/span>\n\t\t\t\t\t\t\t\t\t<span class=\"elementor-button-text\">Bloquez toutes les menaces cybercriminelles maintenant<\/span>\n\t\t\t\t\t<\/span>\n\t\t\t\t\t<\/a>\n\t\t<\/div>\n\t\t\t\t<\/div>\n\t\t\t\t<\/div>\n\t\t\t\t<div class=\"elementor-element elementor-element-f3fcd72 elementor-align-center elementor-widget__width-initial elementor-hidden-desktop elementor-hidden-tablet elementor-widget elementor-widget-button\" data-id=\"f3fcd72\" data-element_type=\"widget\" data-widget_type=\"button.default\">\n\t\t\t\t<div class=\"elementor-widget-container\">\n\t\t\t\t\t<div class=\"elementor-button-wrapper\">\n\t\t\t<a class=\"elementor-button elementor-button-link elementor-size-sm\" href=\"https:\/\/franceverif.fr\/fr\/protect\/register?utm_source=taboola&#038;utm_medium=&#038;utm_campaign=&#038;utm_content=\">\n\t\t\t\t\t\t<span class=\"elementor-button-content-wrapper\">\n\t\t\t\t\t\t<span class=\"elementor-button-icon\">\n\t\t\t\t<svg aria-hidden=\"true\" class=\"e-font-icon-svg e-fas-arrow-right\" viewBox=\"0 0 448 512\" xmlns=\"http:\/\/www.w3.org\/2000\/svg\"><path d=\"M190.5 66.9l22.2-22.2c9.4-9.4 24.6-9.4 33.9 0L441 239c9.4 9.4 9.4 24.6 0 33.9L246.6 467.3c-9.4 9.4-24.6 9.4-33.9 0l-22.2-22.2c-9.5-9.5-9.3-25 .4-34.3L311.4 296H24c-13.3 0-24-10.7-24-24v-32c0-13.3 10.7-24 24-24h287.4L190.9 101.2c-9.8-9.3-10-24.8-.4-34.3z\"><\/path><\/svg>\t\t\t<\/span>\n\t\t\t\t\t\t\t\t\t<span class=\"elementor-button-text\">Bloquez toutes les menaces cybercriminelles maintenant<\/span>\n\t\t\t\t\t<\/span>\n\t\t\t\t\t<\/a>\n\t\t<\/div>\n\t\t\t\t<\/div>\n\t\t\t\t<\/div>\n\t\t\t\t<div class=\"elementor-element elementor-element-a312e6d elementor-widget elementor-widget-image\" data-id=\"a312e6d\" data-element_type=\"widget\" data-widget_type=\"image.default\">\n\t\t\t\t<div class=\"elementor-widget-container\">\n\t\t\t\t\t\t\t\t\t\t\t\t\t\t<a href=\"https:\/\/franceverif.fr\/fr\/recevez-le-lien?redirect=true&#038;utm_source=taboola\">\n\t\t\t\t\t\t\t<img decoding=\"async\" width=\"800\" height=\"67\" src=\"https:\/\/franceverif.fr\/lp\/wp-content\/uploads\/2024\/02\/Browsers.png\" class=\"attachment-large size-large wp-image-12259\" alt=\"\" srcset=\"https:\/\/franceverif.fr\/lp\/wp-content\/uploads\/2024\/02\/Browsers.png 1024w, https:\/\/franceverif.fr\/lp\/wp-content\/uploads\/2024\/02\/Browsers-600x50.png 600w, https:\/\/franceverif.fr\/lp\/wp-content\/uploads\/2024\/02\/Browsers-300x25.png 300w, https:\/\/franceverif.fr\/lp\/wp-content\/uploads\/2024\/02\/Browsers-768x65.png 768w\" sizes=\"(max-width: 800px) 100vw, 800px\" \/>\t\t\t\t\t\t\t\t<\/a>\n\t\t\t\t\t\t\t\t\t\t\t\t\t<\/div>\n\t\t\t\t<\/div>\n\t\t\t\t\t<\/div>\n\t\t\t\t<\/div>\n\t\t<div class=\"elementor-element elementor-element-d59800b e-flex e-con-boxed e-con e-parent\" data-id=\"d59800b\" data-element_type=\"container\">\n\t\t\t\t\t<div class=\"e-con-inner\">\n\t\t\t\t<div class=\"elementor-element elementor-element-1b4569d elementor-widget elementor-widget-text-editor\" data-id=\"1b4569d\" data-element_type=\"widget\" data-widget_type=\"text-editor.default\">\n\t\t\t\t<div class=\"elementor-widget-container\">\n\t\t\t\t\t\t\t<p>franceverif.fr est un \u00e9diteur ind\u00e9pendant. Cette page web est au format publireportage et vous est pr\u00e9sent\u00e9e par franceverif.fr. Un publireportage est une publicit\u00e9 r\u00e9dig\u00e9e dans un format d\u2019actualit\u00e9 \u00e9ditoriale. Ceci est une publicit\u00e9 et non un article de presse. Les informations r\u00e9pertori\u00e9es peuvent ne pas \u00eatre applicables dans votre r\u00e9gion.<\/p>\t\t\t\t\t\t<\/div>\n\t\t\t\t<\/div>\n\t\t\t\t\t<\/div>\n\t\t\t\t<\/div>\n\t\t<div class=\"elementor-element elementor-element-6b6ef01 e-flex e-con-boxed e-con e-parent\" data-id=\"6b6ef01\" data-element_type=\"container\">\n\t\t\t\t\t<div class=\"e-con-inner\">\n\t\t\t\t<div class=\"elementor-element elementor-element-4bf2dcc elementor-widget elementor-widget-heading\" data-id=\"4bf2dcc\" data-element_type=\"widget\" data-widget_type=\"heading.default\">\n\t\t\t\t<div class=\"elementor-widget-container\">\n\t\t\t<span class=\"elementor-heading-title elementor-size-default\"><a href=\"https:\/\/docs.franceverif.fr\/mentions-lgales\">Mentions l\u00e9gales<\/a><\/span>\t\t<\/div>\n\t\t\t\t<\/div>\n\t\t\t\t<div class=\"elementor-element elementor-element-bb3c3a1 elementor-widget elementor-widget-heading\" data-id=\"bb3c3a1\" data-element_type=\"widget\" data-widget_type=\"heading.default\">\n\t\t\t\t<div class=\"elementor-widget-container\">\n\t\t\t<span class=\"elementor-heading-title elementor-size-default\"><a href=\"https:\/\/docs.franceverif.fr\/politique-de-confidentialit\">Politique de confidentialit\u00e9<\/a><\/span>\t\t<\/div>\n\t\t\t\t<\/div>\n\t\t\t\t\t<\/div>\n\t\t\t\t<\/div>\n\t\t<div class=\"elementor-element elementor-element-71bf898 e-flex e-con-boxed e-con e-parent\" data-id=\"71bf898\" data-element_type=\"container\">\n\t\t\t\t\t<div class=\"e-con-inner\">\n\t\t\t\t<div class=\"elementor-element elementor-element-5220827 elementor-widget elementor-widget-text-editor\" data-id=\"5220827\" data-element_type=\"widget\" data-widget_type=\"text-editor.default\">\n\t\t\t\t<div class=\"elementor-widget-container\">\n\t\t\t\t\t\t\t<center>17 avenue Jean Moulin, 93100 Montreuil\n<span style=\"text-align: var(--text-align);\">SIRET: 884750035 \/\u00a0<\/span><span style=\"text-align: var(--text-align);\">TVA: FR26884750035<\/span><\/center>\t\t\t\t\t\t<\/div>\n\t\t\t\t<\/div>\n\t\t\t\t\t<\/div>\n\t\t\t\t<\/div>\n\t\t<div class=\"elementor-element elementor-element-8ce8471 e-flex e-con-boxed e-con e-parent\" data-id=\"8ce8471\" data-element_type=\"container\">\n\t\t\t\t\t<div class=\"e-con-inner\">\n\t\t\t\t<div class=\"elementor-element elementor-element-98eaad2 elementor-widget elementor-widget-html\" data-id=\"98eaad2\" data-element_type=\"widget\" data-widget_type=\"html.default\">\n\t\t\t\t<div class=\"elementor-widget-container\">\n\t\t\t<style>\n    .footer-base {\n        display: none;\n    }\n    .footer-base .elementor-shape-fill{\n        fill: #fff !important;\n    }\n    .header-base{\n        display: none !important;\n    }\n<\/style>\t\t<\/div>\n\t\t\t\t<\/div>\n\t\t\t\t\t<\/div>\n\t\t\t\t<\/div>\n\t\t\t\t<\/div>\n\t\t","protected":false},"excerpt":{"rendered":"<p>IMPORTANT : 43 MILLIONS DE FRAN\u00c7AIS VICTIMES DE PIRATAGE, EN FA\u00ceTES VOUS PARTIE ? Testez-vous gratuitement Publireportage En moins de 1 minute, vous allez d\u00e9couvrir comment naviguer et faire vos achats en ligne en toute s\u00e9curit\u00e9 avec cette solution gratuite(100% financ\u00e9e par l\u2019Etat)\u2026. Si vous ne voulez plus \u00eatre sous la menace constante des arnaques [&hellip;]<\/p>\n","protected":false},"author":3,"featured_media":0,"parent":0,"menu_order":0,"comment_status":"closed","ping_status":"closed","template":"elementor_canvas","meta":{"inline_featured_image":false},"_links":{"self":[{"href":"https:\/\/franceverif.fr\/lp\/wp-json\/wp\/v2\/pages\/12058"}],"collection":[{"href":"https:\/\/franceverif.fr\/lp\/wp-json\/wp\/v2\/pages"}],"about":[{"href":"https:\/\/franceverif.fr\/lp\/wp-json\/wp\/v2\/types\/page"}],"author":[{"embeddable":true,"href":"https:\/\/franceverif.fr\/lp\/wp-json\/wp\/v2\/users\/3"}],"replies":[{"embeddable":true,"href":"https:\/\/franceverif.fr\/lp\/wp-json\/wp\/v2\/comments?post=12058"}],"version-history":[{"count":149,"href":"https:\/\/franceverif.fr\/lp\/wp-json\/wp\/v2\/pages\/12058\/revisions"}],"predecessor-version":[{"id":16253,"href":"https:\/\/franceverif.fr\/lp\/wp-json\/wp\/v2\/pages\/12058\/revisions\/16253"}],"wp:attachment":[{"href":"https:\/\/franceverif.fr\/lp\/wp-json\/wp\/v2\/media?parent=12058"}],"curies":[{"name":"wp","href":"https:\/\/api.w.org\/{rel}","templated":true}]}}